{"id":113,"date":"2025-03-19T11:44:59","date_gmt":"2025-03-19T11:44:59","guid":{"rendered":"https:\/\/sergiofranqueira.com\/?page_id=113"},"modified":"2025-03-19T12:25:46","modified_gmt":"2025-03-19T12:25:46","slug":"discografia-y-publicaciones","status":"publish","type":"page","link":"https:\/\/sergiofranqueira.com\/?page_id=113","title":{"rendered":"Discograf\u00eda y Publicaciones"},"content":{"rendered":"\n<p class=\"has-small-font-size\"><em>Hasta la fecha he podido desarrollar tres proyectos discogr\u00e1ficos, y estoy preparando un cuarto. Adem\u00e1s, tengo intereses y proyectos hacia la pedagog\u00eda y la historia de la m\u00fasica. Creo que es muy necesario profundizar en el conocimiento de nuestro repertorio, nuestro contexto como guitarristas y nuestra aportaci\u00f3n a la ense\u00f1anza de la m\u00fasica, al desarrollo integral del alumno y a la sociedad. <\/em><\/p>\n\n\n\n<p>Mi \u00faltimo proyecto, \u00abSo\u00f1os da Floresta\u00bb, trata sobre la recuperaci\u00f3n y difusi\u00f3n de la obra del guitarrista Xos\u00e9 Chas, una colecci\u00f3n de obras muy sugerentes y preciosistas, en las que se incorporan sonidos que evocan nuestro paisaje sonoro y nos conectan con la cultura y tradici\u00f3n de nuevas maneras, a trav\u00e9s de las sugerentes armon\u00edas y delicado sonido de la guitarra. <\/p>\n\n\n\n<figure class=\"wp-block-gallery has-nested-images columns-default is-cropped wp-block-gallery-1 is-layout-flex wp-block-gallery-is-layout-flex\">\n<figure class=\"wp-block-image size-large\"><img loading=\"lazy\" decoding=\"async\" width=\"439\" height=\"353\" data-id=\"115\" src=\"https:\/\/sergiofranqueira.com\/wp-content\/uploads\/2025\/03\/Sonos.jpg\" alt=\"\" class=\"wp-image-115\" srcset=\"https:\/\/sergiofranqueira.com\/wp-content\/uploads\/2025\/03\/Sonos.jpg 439w, https:\/\/sergiofranqueira.com\/wp-content\/uploads\/2025\/03\/Sonos-300x241.jpg 300w\" sizes=\"auto, (max-width: 439px) 100vw, 439px\" \/><\/figure>\n\n\n\n<figure class=\"wp-block-image size-large\"><img loading=\"lazy\" decoding=\"async\" width=\"1024\" height=\"1024\" data-id=\"116\" src=\"https:\/\/sergiofranqueira.com\/wp-content\/uploads\/2025\/03\/portadas_recuerdos_1-1024x1024.jpg\" alt=\"\" class=\"wp-image-116\" srcset=\"https:\/\/sergiofranqueira.com\/wp-content\/uploads\/2025\/03\/portadas_recuerdos_1-1024x1024.jpg 1024w, https:\/\/sergiofranqueira.com\/wp-content\/uploads\/2025\/03\/portadas_recuerdos_1-300x300.jpg 300w, https:\/\/sergiofranqueira.com\/wp-content\/uploads\/2025\/03\/portadas_recuerdos_1-150x150.jpg 150w, https:\/\/sergiofranqueira.com\/wp-content\/uploads\/2025\/03\/portadas_recuerdos_1-768x768.jpg 768w, https:\/\/sergiofranqueira.com\/wp-content\/uploads\/2025\/03\/portadas_recuerdos_1-1536x1536.jpg 1536w, https:\/\/sergiofranqueira.com\/wp-content\/uploads\/2025\/03\/portadas_recuerdos_1-2048x2048.jpg 2048w, https:\/\/sergiofranqueira.com\/wp-content\/uploads\/2025\/03\/portadas_recuerdos_1-1200x1200.jpg 1200w, https:\/\/sergiofranqueira.com\/wp-content\/uploads\/2025\/03\/portadas_recuerdos_1-1980x1980.jpg 1980w\" sizes=\"auto, (max-width: 1024px) 100vw, 1024px\" \/><\/figure>\n\n\n\n<figure class=\"wp-block-image size-large\"><img loading=\"lazy\" decoding=\"async\" width=\"1019\" height=\"1024\" data-id=\"117\" src=\"https:\/\/sergiofranqueira.com\/wp-content\/uploads\/2025\/03\/porta-1019x1024.jpg\" alt=\"\" class=\"wp-image-117\" srcset=\"https:\/\/sergiofranqueira.com\/wp-content\/uploads\/2025\/03\/porta-1019x1024.jpg 1019w, https:\/\/sergiofranqueira.com\/wp-content\/uploads\/2025\/03\/porta-300x300.jpg 300w, https:\/\/sergiofranqueira.com\/wp-content\/uploads\/2025\/03\/porta-150x150.jpg 150w, https:\/\/sergiofranqueira.com\/wp-content\/uploads\/2025\/03\/porta-768x771.jpg 768w, https:\/\/sergiofranqueira.com\/wp-content\/uploads\/2025\/03\/porta-1529x1536.jpg 1529w, https:\/\/sergiofranqueira.com\/wp-content\/uploads\/2025\/03\/porta-2039x2048.jpg 2039w, https:\/\/sergiofranqueira.com\/wp-content\/uploads\/2025\/03\/porta-1200x1205.jpg 1200w, https:\/\/sergiofranqueira.com\/wp-content\/uploads\/2025\/03\/porta-1980x1989.jpg 1980w\" sizes=\"auto, (max-width: 1019px) 100vw, 1019px\" \/><\/figure>\n<\/figure>\n\n\n\n<p>En el campo de la musicolog\u00eda, he publicado un art\u00edculo sobre este autor que se puede consultar en la p\u00e1gina de la Sociedad Espa\u00f1ola de la Guitarra en abierto, aqu\u00ed: <\/p>\n\n\n\n<div class=\"wp-block-buttons is-layout-flex wp-block-buttons-is-layout-flex\">\n<div class=\"wp-block-button\"><a class=\"wp-block-button__link wp-element-button\" href=\"https:\/\/www.xn--sociedadespaoladelaguitarra-0uc.com\/images\/pdf\/12_Franqueira_Sergio._Xos%C3%A9_Chas.pdf\">Art\u00edculo chas<\/a><\/div>\n<\/div>\n\n\n\n<p>Mi tesis doctoral, sobre la Agrupaci\u00f3n Guitarr\u00edstica Galega, una asociaci\u00f3n que dinamiz\u00f3 el estudio y la difusi\u00f3n de la guitarra en Galicia durante los a\u00f1os convulsos de la transici\u00f3n, se puede consultar tambi\u00e9n en abierto gracias al repositorio de la USC. <\/p>\n\n\n\n<div class=\"wp-block-buttons is-layout-flex wp-block-buttons-is-layout-flex\">\n<div class=\"wp-block-button\"><a class=\"wp-block-button__link wp-element-button\" href=\"https:\/\/minerva.usc.es\/entities\/publication\/a6debeab-7277-4d55-a23c-5ff4411bfacb\">TESIS AGG<\/a><\/div>\n<\/div>\n\n\n\n<div class=\"wp-block-columns is-layout-flex wp-container-core-columns-is-layout-9d6595d7 wp-block-columns-is-layout-flex\">\n<div class=\"wp-block-column is-layout-flow wp-block-column-is-layout-flow\" style=\"flex-basis:50%\">\n<p>Las investigaciones que realic\u00e9 sobre esta l\u00ednea me llevaron a descubrir muchas m\u00fasicas que estaban injustamente relegadas al olvido, y mi labor tiene parte de difusi\u00f3n. Gracias a la editorial DosAcordes he publicado asimismo una recopilaci\u00f3n de partituras sobre la obra de Xos\u00e9 Chas que se puede comprar <a href=\"https:\/\/www.dosacordes.es\/web\/book-author\/xose-chas-garcia\/\">aqu\u00ed<\/a> y adem\u00e1s he podido publicar una edici\u00f3n cr\u00edtica que acompa\u00f1a un an\u00e1lisis del concertino \u00abAnceio\u00bb de Daniel Quintas. El concertino para guitarra y flauta es una obra contempor\u00e1nea fant\u00e1stica para poder incorporarla al repertorio de los estudiantes de conservatorios. <\/p>\n<\/div>\n\n\n\n<div class=\"wp-block-column is-layout-flow wp-block-column-is-layout-flow\" style=\"flex-basis:50%\">\n<figure class=\"wp-block-image size-full\"><img loading=\"lazy\" decoding=\"async\" width=\"1005\" height=\"841\" src=\"https:\/\/sergiofranqueira.com\/wp-content\/uploads\/2025\/03\/Captura-de-pantalla-2025-03-19-a-las-12.40.34.png\" alt=\"\" class=\"wp-image-118\" srcset=\"https:\/\/sergiofranqueira.com\/wp-content\/uploads\/2025\/03\/Captura-de-pantalla-2025-03-19-a-las-12.40.34.png 1005w, https:\/\/sergiofranqueira.com\/wp-content\/uploads\/2025\/03\/Captura-de-pantalla-2025-03-19-a-las-12.40.34-300x251.png 300w, https:\/\/sergiofranqueira.com\/wp-content\/uploads\/2025\/03\/Captura-de-pantalla-2025-03-19-a-las-12.40.34-768x643.png 768w\" sizes=\"auto, (max-width: 1005px) 100vw, 1005px\" \/><\/figure>\n\n\n\n<figure class=\"wp-block-image size-large\"><img loading=\"lazy\" decoding=\"async\" width=\"1024\" height=\"1017\" src=\"https:\/\/sergiofranqueira.com\/wp-content\/uploads\/2025\/03\/portadachas-1024x1017.jpg\" alt=\"\" class=\"wp-image-119\" srcset=\"https:\/\/sergiofranqueira.com\/wp-content\/uploads\/2025\/03\/portadachas-1024x1017.jpg 1024w, https:\/\/sergiofranqueira.com\/wp-content\/uploads\/2025\/03\/portadachas-300x298.jpg 300w, https:\/\/sergiofranqueira.com\/wp-content\/uploads\/2025\/03\/portadachas-150x150.jpg 150w, https:\/\/sergiofranqueira.com\/wp-content\/uploads\/2025\/03\/portadachas-768x763.jpg 768w, https:\/\/sergiofranqueira.com\/wp-content\/uploads\/2025\/03\/portadachas-1200x1192.jpg 1200w, https:\/\/sergiofranqueira.com\/wp-content\/uploads\/2025\/03\/portadachas.jpg 1410w\" sizes=\"auto, (max-width: 1024px) 100vw, 1024px\" \/><\/figure>\n<\/div>\n<\/div>\n\n\n\n<p><\/p>\n","protected":false},"excerpt":{"rendered":"<p>Hasta la fecha he podido desarrollar tres proyectos discogr\u00e1ficos, y estoy preparando un cuarto. Adem\u00e1s, tengo intereses y proyectos hacia la pedagog\u00eda y la historia de la m\u00fasica. Creo que es muy necesario profundizar en el conocimiento de nuestro repertorio, nuestro contexto como guitarristas y nuestra aportaci\u00f3n a la ense\u00f1anza de la m\u00fasica, al desarrollo [&hellip;]<\/p>\n","protected":false},"author":1,"featured_media":0,"parent":0,"menu_order":0,"comment_status":"closed","ping_status":"closed","template":"","meta":{"footnotes":""},"class_list":["post-113","page","type-page","status-publish","hentry"],"yoast_head":"<!-- This site is optimized with the Yoast SEO plugin v19.7.1 - https:\/\/yoast.com\/wordpress\/plugins\/seo\/ -->\n<title>Discograf\u00eda y Publicaciones - sergiofranqueira.com<\/title>\n<meta name=\"robots\" content=\"index, follow, max-snippet:-1, max-image-preview:large, max-video-preview:-1\" \/>\n<link rel=\"canonical\" href=\"https:\/\/sergiofranqueira.com\/?page_id=113\" \/>\n<meta property=\"og:locale\" content=\"es_ES\" \/>\n<meta property=\"og:type\" content=\"article\" \/>\n<meta property=\"og:title\" content=\"Discograf\u00eda y Publicaciones - sergiofranqueira.com\" \/>\n<meta property=\"og:description\" content=\"Hasta la fecha he podido desarrollar tres proyectos discogr\u00e1ficos, y estoy preparando un cuarto. Adem\u00e1s, tengo intereses y proyectos hacia la pedagog\u00eda y la historia de la m\u00fasica. Creo que es muy necesario profundizar en el conocimiento de nuestro repertorio, nuestro contexto como guitarristas y nuestra aportaci\u00f3n a la ense\u00f1anza de la m\u00fasica, al desarrollo [&hellip;]\" \/>\n<meta property=\"og:url\" content=\"https:\/\/sergiofranqueira.com\/?page_id=113\" \/>\n<meta property=\"og:site_name\" content=\"sergiofranqueira.com\" \/>\n<meta property=\"article:modified_time\" content=\"2025-03-19T12:25:46+00:00\" \/>\n<meta property=\"og:image\" content=\"https:\/\/sergiofranqueira.com\/wp-content\/uploads\/2025\/03\/Sonos.jpg\" \/>\n<meta name=\"twitter:card\" content=\"summary_large_image\" \/>\n<meta name=\"twitter:label1\" content=\"Tiempo de lectura\" \/>\n\t<meta name=\"twitter:data1\" content=\"3 minutos\" \/>\n<script type=\"application\/ld+json\" class=\"yoast-schema-graph\">{\"@context\":\"https:\/\/schema.org\",\"@graph\":[{\"@type\":\"WebPage\",\"@id\":\"https:\/\/sergiofranqueira.com\/?page_id=113\",\"url\":\"https:\/\/sergiofranqueira.com\/?page_id=113\",\"name\":\"Discograf\u00eda y Publicaciones - sergiofranqueira.com\",\"isPartOf\":{\"@id\":\"https:\/\/myblog-u3rek2k5ug.live-website.com\/#website\"},\"datePublished\":\"2025-03-19T11:44:59+00:00\",\"dateModified\":\"2025-03-19T12:25:46+00:00\",\"breadcrumb\":{\"@id\":\"https:\/\/sergiofranqueira.com\/?page_id=113#breadcrumb\"},\"inLanguage\":\"es\",\"potentialAction\":[{\"@type\":\"ReadAction\",\"target\":[\"https:\/\/sergiofranqueira.com\/?page_id=113\"]}]},{\"@type\":\"BreadcrumbList\",\"@id\":\"https:\/\/sergiofranqueira.com\/?page_id=113#breadcrumb\",\"itemListElement\":[{\"@type\":\"ListItem\",\"position\":1,\"name\":\"Home\",\"item\":\"https:\/\/sergiofranqueira.com\/\"},{\"@type\":\"ListItem\",\"position\":2,\"name\":\"Discograf\u00eda y Publicaciones\"}]},{\"@type\":\"WebSite\",\"@id\":\"https:\/\/myblog-u3rek2k5ug.live-website.com\/#website\",\"url\":\"https:\/\/myblog-u3rek2k5ug.live-website.com\/\",\"name\":\"sergiofranqueira.com\",\"description\":\"profesor de guitarra\",\"publisher\":{\"@id\":\"https:\/\/myblog-u3rek2k5ug.live-website.com\/#organization\"},\"potentialAction\":[{\"@type\":\"SearchAction\",\"target\":{\"@type\":\"EntryPoint\",\"urlTemplate\":\"https:\/\/myblog-u3rek2k5ug.live-website.com\/?s={search_term_string}\"},\"query-input\":\"required name=search_term_string\"}],\"inLanguage\":\"es\"},{\"@type\":\"Organization\",\"@id\":\"https:\/\/myblog-u3rek2k5ug.live-website.com\/#organization\",\"name\":\"sergiofranqueira.com\",\"url\":\"https:\/\/myblog-u3rek2k5ug.live-website.com\/\",\"sameAs\":[],\"logo\":{\"@type\":\"ImageObject\",\"inLanguage\":\"es\",\"@id\":\"https:\/\/myblog-u3rek2k5ug.live-website.com\/#\/schema\/logo\/image\/\",\"url\":\"https:\/\/sergiofranqueira.com\/wp-content\/uploads\/2022\/10\/102_1338_small.jpg\",\"contentUrl\":\"https:\/\/sergiofranqueira.com\/wp-content\/uploads\/2022\/10\/102_1338_small.jpg\",\"width\":100,\"height\":76,\"caption\":\"sergiofranqueira.com\"},\"image\":{\"@id\":\"https:\/\/myblog-u3rek2k5ug.live-website.com\/#\/schema\/logo\/image\/\"}}]}<\/script>\n<!-- \/ Yoast SEO plugin. -->","yoast_head_json":{"title":"Discograf\u00eda y Publicaciones - sergiofranqueira.com","robots":{"index":"index","follow":"follow","max-snippet":"max-snippet:-1","max-image-preview":"max-image-preview:large","max-video-preview":"max-video-preview:-1"},"canonical":"https:\/\/sergiofranqueira.com\/?page_id=113","og_locale":"es_ES","og_type":"article","og_title":"Discograf\u00eda y Publicaciones - sergiofranqueira.com","og_description":"Hasta la fecha he podido desarrollar tres proyectos discogr\u00e1ficos, y estoy preparando un cuarto. Adem\u00e1s, tengo intereses y proyectos hacia la pedagog\u00eda y la historia de la m\u00fasica. Creo que es muy necesario profundizar en el conocimiento de nuestro repertorio, nuestro contexto como guitarristas y nuestra aportaci\u00f3n a la ense\u00f1anza de la m\u00fasica, al desarrollo [&hellip;]","og_url":"https:\/\/sergiofranqueira.com\/?page_id=113","og_site_name":"sergiofranqueira.com","article_modified_time":"2025-03-19T12:25:46+00:00","og_image":[{"url":"https:\/\/sergiofranqueira.com\/wp-content\/uploads\/2025\/03\/Sonos.jpg"}],"twitter_card":"summary_large_image","twitter_misc":{"Tiempo de lectura":"3 minutos"},"schema":{"@context":"https:\/\/schema.org","@graph":[{"@type":"WebPage","@id":"https:\/\/sergiofranqueira.com\/?page_id=113","url":"https:\/\/sergiofranqueira.com\/?page_id=113","name":"Discograf\u00eda y Publicaciones - sergiofranqueira.com","isPartOf":{"@id":"https:\/\/myblog-u3rek2k5ug.live-website.com\/#website"},"datePublished":"2025-03-19T11:44:59+00:00","dateModified":"2025-03-19T12:25:46+00:00","breadcrumb":{"@id":"https:\/\/sergiofranqueira.com\/?page_id=113#breadcrumb"},"inLanguage":"es","potentialAction":[{"@type":"ReadAction","target":["https:\/\/sergiofranqueira.com\/?page_id=113"]}]},{"@type":"BreadcrumbList","@id":"https:\/\/sergiofranqueira.com\/?page_id=113#breadcrumb","itemListElement":[{"@type":"ListItem","position":1,"name":"Home","item":"https:\/\/sergiofranqueira.com\/"},{"@type":"ListItem","position":2,"name":"Discograf\u00eda y Publicaciones"}]},{"@type":"WebSite","@id":"https:\/\/myblog-u3rek2k5ug.live-website.com\/#website","url":"https:\/\/myblog-u3rek2k5ug.live-website.com\/","name":"sergiofranqueira.com","description":"profesor de guitarra","publisher":{"@id":"https:\/\/myblog-u3rek2k5ug.live-website.com\/#organization"},"potentialAction":[{"@type":"SearchAction","target":{"@type":"EntryPoint","urlTemplate":"https:\/\/myblog-u3rek2k5ug.live-website.com\/?s={search_term_string}"},"query-input":"required name=search_term_string"}],"inLanguage":"es"},{"@type":"Organization","@id":"https:\/\/myblog-u3rek2k5ug.live-website.com\/#organization","name":"sergiofranqueira.com","url":"https:\/\/myblog-u3rek2k5ug.live-website.com\/","sameAs":[],"logo":{"@type":"ImageObject","inLanguage":"es","@id":"https:\/\/myblog-u3rek2k5ug.live-website.com\/#\/schema\/logo\/image\/","url":"https:\/\/sergiofranqueira.com\/wp-content\/uploads\/2022\/10\/102_1338_small.jpg","contentUrl":"https:\/\/sergiofranqueira.com\/wp-content\/uploads\/2022\/10\/102_1338_small.jpg","width":100,"height":76,"caption":"sergiofranqueira.com"},"image":{"@id":"https:\/\/myblog-u3rek2k5ug.live-website.com\/#\/schema\/logo\/image\/"}}]}},"_links":{"self":[{"href":"https:\/\/sergiofranqueira.com\/index.php?rest_route=\/wp\/v2\/pages\/113","targetHints":{"allow":["GET"]}}],"collection":[{"href":"https:\/\/sergiofranqueira.com\/index.php?rest_route=\/wp\/v2\/pages"}],"about":[{"href":"https:\/\/sergiofranqueira.com\/index.php?rest_route=\/wp\/v2\/types\/page"}],"author":[{"embeddable":true,"href":"https:\/\/sergiofranqueira.com\/index.php?rest_route=\/wp\/v2\/users\/1"}],"replies":[{"embeddable":true,"href":"https:\/\/sergiofranqueira.com\/index.php?rest_route=%2Fwp%2Fv2%2Fcomments&post=113"}],"version-history":[{"count":3,"href":"https:\/\/sergiofranqueira.com\/index.php?rest_route=\/wp\/v2\/pages\/113\/revisions"}],"predecessor-version":[{"id":136,"href":"https:\/\/sergiofranqueira.com\/index.php?rest_route=\/wp\/v2\/pages\/113\/revisions\/136"}],"wp:attachment":[{"href":"https:\/\/sergiofranqueira.com\/index.php?rest_route=%2Fwp%2Fv2%2Fmedia&parent=113"}],"curies":[{"name":"wp","href":"https:\/\/api.w.org\/{rel}","templated":true}]}}