{"id":88,"date":"2022-10-02T22:46:09","date_gmt":"2022-10-02T22:46:09","guid":{"rendered":"https:\/\/sergiofranqueira.com\/?page_id=88"},"modified":"2025-03-19T10:41:18","modified_gmt":"2025-03-19T10:41:18","slug":"home","status":"publish","type":"page","link":"https:\/\/sergiofranqueira.com\/","title":{"rendered":"Home"},"content":{"rendered":"\n<p><strong>Bienvenido a mi p\u00e1gina web. <\/strong><\/p>\n\n\n\n<p>Soy, principalmente, guitarrista. Adem\u00e1s, tengo inter\u00e9s en la historia del arte, y en la pedagog\u00eda. <\/p>\n\n\n\n<p>Lo que m\u00e1s me gusta tocar, y en lo que me especializo, en en m\u00fasica Espa\u00f1ola en general, sobre todo del siglo XX en adelante, y gallega en particular. La que m\u00e1s exploro es la de la primera mitad del siglo XX, la que algunos llaman \u00abEdad de la Plata\u00bb. <\/p>\n\n\n\n<p>Aqu\u00ed puedes curiosear un poquito y escuchar un poco de m\u00fasica:<\/p>\n\n\n\n<figure class=\"wp-block-embed is-type-rich is-provider-spotify wp-block-embed-spotify wp-embed-aspect-21-9 wp-has-aspect-ratio\"><div class=\"wp-block-embed__wrapper\">\n<iframe title=\"Spotify Embed: Sergio Franqueira\" style=\"border-radius: 12px\" width=\"100%\" height=\"352\" frameborder=\"0\" allowfullscreen allow=\"autoplay; clipboard-write; encrypted-media; fullscreen; picture-in-picture\" loading=\"lazy\" src=\"https:\/\/open.spotify.com\/embed\/artist\/461SCqbscBKjn8heTW4Ku5?utm_source=oembed\"><\/iframe>\n<\/div><\/figure>\n\n\n\n<p class=\"has-small-font-size\">Lo de las cookies..  esta es una web desarrollada por mi, pero las herramientas de navegaci\u00f3n de terceros almacenan informaci\u00f3n. Si contin\u00faas navegando por el sitio.. tenemos que asumir que aceptamos esa cesi\u00f3n. En cuanto a la privacidad, si deseas ejercer tu derecho de acceso o cancelaci\u00f3n de los datos que utilices para contactar, solic\u00edtalo en el formulario de contacto. <\/p>\n","protected":false},"excerpt":{"rendered":"<p>Bienvenido a mi p\u00e1gina web. Soy, principalmente, guitarrista. Adem\u00e1s, tengo inter\u00e9s en la historia del arte, y en la pedagog\u00eda. Lo que m\u00e1s me gusta tocar, y en lo que me especializo, en en m\u00fasica Espa\u00f1ola en general, sobre todo del siglo XX en adelante, y gallega en particular. La que m\u00e1s exploro es la [&hellip;]<\/p>\n","protected":false},"author":1,"featured_media":0,"parent":0,"menu_order":0,"comment_status":"closed","ping_status":"closed","template":"","meta":{"footnotes":""},"class_list":["post-88","page","type-page","status-publish","hentry"],"yoast_head":"<!-- This site is optimized with the Yoast SEO plugin v19.7.1 - https:\/\/yoast.com\/wordpress\/plugins\/seo\/ -->\n<title>Home - sergiofranqueira.com<\/title>\n<meta name=\"robots\" content=\"index, follow, max-snippet:-1, max-image-preview:large, max-video-preview:-1\" \/>\n<link rel=\"canonical\" href=\"https:\/\/sergiofranqueira.com\/\" \/>\n<meta property=\"og:locale\" content=\"es_ES\" \/>\n<meta property=\"og:type\" content=\"article\" \/>\n<meta property=\"og:title\" content=\"Home - sergiofranqueira.com\" \/>\n<meta property=\"og:description\" content=\"Bienvenido a mi p\u00e1gina web. Soy, principalmente, guitarrista. Adem\u00e1s, tengo inter\u00e9s en la historia del arte, y en la pedagog\u00eda. Lo que m\u00e1s me gusta tocar, y en lo que me especializo, en en m\u00fasica Espa\u00f1ola en general, sobre todo del siglo XX en adelante, y gallega en particular. La que m\u00e1s exploro es la [&hellip;]\" \/>\n<meta property=\"og:url\" content=\"https:\/\/sergiofranqueira.com\/\" \/>\n<meta property=\"og:site_name\" content=\"sergiofranqueira.com\" \/>\n<meta property=\"article:modified_time\" content=\"2025-03-19T10:41:18+00:00\" \/>\n<meta name=\"twitter:card\" content=\"summary_large_image\" \/>\n<meta name=\"twitter:label1\" content=\"Tiempo de lectura\" \/>\n\t<meta name=\"twitter:data1\" content=\"1 minuto\" \/>\n<script type=\"application\/ld+json\" class=\"yoast-schema-graph\">{\"@context\":\"https:\/\/schema.org\",\"@graph\":[{\"@type\":\"WebPage\",\"@id\":\"https:\/\/sergiofranqueira.com\/\",\"url\":\"https:\/\/sergiofranqueira.com\/\",\"name\":\"Home - sergiofranqueira.com\",\"isPartOf\":{\"@id\":\"https:\/\/myblog-u3rek2k5ug.live-website.com\/#website\"},\"datePublished\":\"2022-10-02T22:46:09+00:00\",\"dateModified\":\"2025-03-19T10:41:18+00:00\",\"breadcrumb\":{\"@id\":\"https:\/\/sergiofranqueira.com\/#breadcrumb\"},\"inLanguage\":\"es\",\"potentialAction\":[{\"@type\":\"ReadAction\",\"target\":[\"https:\/\/sergiofranqueira.com\/\"]}]},{\"@type\":\"BreadcrumbList\",\"@id\":\"https:\/\/sergiofranqueira.com\/#breadcrumb\",\"itemListElement\":[{\"@type\":\"ListItem\",\"position\":1,\"name\":\"Home\",\"item\":\"https:\/\/sergiofranqueira.com\/\"},{\"@type\":\"ListItem\",\"position\":2,\"name\":\"Home\"}]},{\"@type\":\"WebSite\",\"@id\":\"https:\/\/myblog-u3rek2k5ug.live-website.com\/#website\",\"url\":\"https:\/\/myblog-u3rek2k5ug.live-website.com\/\",\"name\":\"sergiofranqueira.com\",\"description\":\"profesor de guitarra\",\"publisher\":{\"@id\":\"https:\/\/myblog-u3rek2k5ug.live-website.com\/#organization\"},\"potentialAction\":[{\"@type\":\"SearchAction\",\"target\":{\"@type\":\"EntryPoint\",\"urlTemplate\":\"https:\/\/myblog-u3rek2k5ug.live-website.com\/?s={search_term_string}\"},\"query-input\":\"required name=search_term_string\"}],\"inLanguage\":\"es\"},{\"@type\":\"Organization\",\"@id\":\"https:\/\/myblog-u3rek2k5ug.live-website.com\/#organization\",\"name\":\"sergiofranqueira.com\",\"url\":\"https:\/\/myblog-u3rek2k5ug.live-website.com\/\",\"sameAs\":[],\"logo\":{\"@type\":\"ImageObject\",\"inLanguage\":\"es\",\"@id\":\"https:\/\/myblog-u3rek2k5ug.live-website.com\/#\/schema\/logo\/image\/\",\"url\":\"https:\/\/sergiofranqueira.com\/wp-content\/uploads\/2022\/10\/102_1338_small.jpg\",\"contentUrl\":\"https:\/\/sergiofranqueira.com\/wp-content\/uploads\/2022\/10\/102_1338_small.jpg\",\"width\":100,\"height\":76,\"caption\":\"sergiofranqueira.com\"},\"image\":{\"@id\":\"https:\/\/myblog-u3rek2k5ug.live-website.com\/#\/schema\/logo\/image\/\"}}]}<\/script>\n<!-- \/ Yoast SEO plugin. -->","yoast_head_json":{"title":"Home - sergiofranqueira.com","robots":{"index":"index","follow":"follow","max-snippet":"max-snippet:-1","max-image-preview":"max-image-preview:large","max-video-preview":"max-video-preview:-1"},"canonical":"https:\/\/sergiofranqueira.com\/","og_locale":"es_ES","og_type":"article","og_title":"Home - sergiofranqueira.com","og_description":"Bienvenido a mi p\u00e1gina web. Soy, principalmente, guitarrista. Adem\u00e1s, tengo inter\u00e9s en la historia del arte, y en la pedagog\u00eda. Lo que m\u00e1s me gusta tocar, y en lo que me especializo, en en m\u00fasica Espa\u00f1ola en general, sobre todo del siglo XX en adelante, y gallega en particular. La que m\u00e1s exploro es la [&hellip;]","og_url":"https:\/\/sergiofranqueira.com\/","og_site_name":"sergiofranqueira.com","article_modified_time":"2025-03-19T10:41:18+00:00","twitter_card":"summary_large_image","twitter_misc":{"Tiempo de lectura":"1 minuto"},"schema":{"@context":"https:\/\/schema.org","@graph":[{"@type":"WebPage","@id":"https:\/\/sergiofranqueira.com\/","url":"https:\/\/sergiofranqueira.com\/","name":"Home - sergiofranqueira.com","isPartOf":{"@id":"https:\/\/myblog-u3rek2k5ug.live-website.com\/#website"},"datePublished":"2022-10-02T22:46:09+00:00","dateModified":"2025-03-19T10:41:18+00:00","breadcrumb":{"@id":"https:\/\/sergiofranqueira.com\/#breadcrumb"},"inLanguage":"es","potentialAction":[{"@type":"ReadAction","target":["https:\/\/sergiofranqueira.com\/"]}]},{"@type":"BreadcrumbList","@id":"https:\/\/sergiofranqueira.com\/#breadcrumb","itemListElement":[{"@type":"ListItem","position":1,"name":"Home","item":"https:\/\/sergiofranqueira.com\/"},{"@type":"ListItem","position":2,"name":"Home"}]},{"@type":"WebSite","@id":"https:\/\/myblog-u3rek2k5ug.live-website.com\/#website","url":"https:\/\/myblog-u3rek2k5ug.live-website.com\/","name":"sergiofranqueira.com","description":"profesor de guitarra","publisher":{"@id":"https:\/\/myblog-u3rek2k5ug.live-website.com\/#organization"},"potentialAction":[{"@type":"SearchAction","target":{"@type":"EntryPoint","urlTemplate":"https:\/\/myblog-u3rek2k5ug.live-website.com\/?s={search_term_string}"},"query-input":"required name=search_term_string"}],"inLanguage":"es"},{"@type":"Organization","@id":"https:\/\/myblog-u3rek2k5ug.live-website.com\/#organization","name":"sergiofranqueira.com","url":"https:\/\/myblog-u3rek2k5ug.live-website.com\/","sameAs":[],"logo":{"@type":"ImageObject","inLanguage":"es","@id":"https:\/\/myblog-u3rek2k5ug.live-website.com\/#\/schema\/logo\/image\/","url":"https:\/\/sergiofranqueira.com\/wp-content\/uploads\/2022\/10\/102_1338_small.jpg","contentUrl":"https:\/\/sergiofranqueira.com\/wp-content\/uploads\/2022\/10\/102_1338_small.jpg","width":100,"height":76,"caption":"sergiofranqueira.com"},"image":{"@id":"https:\/\/myblog-u3rek2k5ug.live-website.com\/#\/schema\/logo\/image\/"}}]}},"_links":{"self":[{"href":"https:\/\/sergiofranqueira.com\/index.php?rest_route=\/wp\/v2\/pages\/88","targetHints":{"allow":["GET"]}}],"collection":[{"href":"https:\/\/sergiofranqueira.com\/index.php?rest_route=\/wp\/v2\/pages"}],"about":[{"href":"https:\/\/sergiofranqueira.com\/index.php?rest_route=\/wp\/v2\/types\/page"}],"author":[{"embeddable":true,"href":"https:\/\/sergiofranqueira.com\/index.php?rest_route=\/wp\/v2\/users\/1"}],"replies":[{"embeddable":true,"href":"https:\/\/sergiofranqueira.com\/index.php?rest_route=%2Fwp%2Fv2%2Fcomments&post=88"}],"version-history":[{"count":3,"href":"https:\/\/sergiofranqueira.com\/index.php?rest_route=\/wp\/v2\/pages\/88\/revisions"}],"predecessor-version":[{"id":97,"href":"https:\/\/sergiofranqueira.com\/index.php?rest_route=\/wp\/v2\/pages\/88\/revisions\/97"}],"wp:attachment":[{"href":"https:\/\/sergiofranqueira.com\/index.php?rest_route=%2Fwp%2Fv2%2Fmedia&parent=88"}],"curies":[{"name":"wp","href":"https:\/\/api.w.org\/{rel}","templated":true}]}}